{"id":886,"date":"2013-06-02T12:15:47","date_gmt":"2013-06-02T10:15:47","guid":{"rendered":"http:\/\/www.viffslan.com\/?page_id=886"},"modified":"2025-01-28T00:45:46","modified_gmt":"2025-01-27T22:45:46","slug":"casper","status":"publish","type":"page","link":"http:\/\/www.viffslan.com\/?page_id=886","title":{"rendered":"V\u00e5ra <3"},"content":{"rendered":"<p>Casper f\u00f6ddes s\u00f6ndagen den 19.5.2013 kl. 12.52. Han var 3530 gram och 51 cm. H\u00e4r finns v\u00e5r <a href=\"http:\/\/www.viffslan.com\/?p=865\">f\u00f6rlossningsber\u00e4ttelse.<\/a><\/p>\n<p>\u00a0<\/p>\n<p>Ludwig f\u00f6ddes onsdagen den 27.4.2016 kl. 18.32. Han var 3900 gram och 52 cm. H\u00e4r finns <a href=\"http:\/\/www.viffslan.com\/?p=1362\">f\u00f6rlossningsber\u00e4ttelsen<\/a><\/p>\n<p>\u00a0<\/p>\n<p>Teodor f\u00f6ddes torsdagen den 10.10.2024 kl. 16.46. Han var 3865 gram och 51,5 cm. H\u00e4r \u00e4r ber\u00e4ttelsen om hans\u00a0<a href=\"http:\/\/www.viffslan.com\/?p=1561\">f\u00f6rlossning<\/a><\/p>\n<p>\u00a0<\/p>\n\n\n<pre class=\"wp-block-code\"><code><\/code><\/pre>\n","protected":false},"excerpt":{"rendered":"<p>Casper f\u00f6ddes s\u00f6ndagen den 19.5.2013 kl. 12.52. Han var 3530 gram och 51 cm. H\u00e4r finns v\u00e5r f\u00f6rlossningsber\u00e4ttelse. \u00a0 Ludwig f\u00f6ddes onsdagen den 27.4.2016 kl. 18.32. Han var 3900 gram och 52 cm. H\u00e4r finns f\u00f6rlossningsber\u00e4ttelsen \u00a0 Teodor f\u00f6ddes torsdagen &hellip; <a href=\"http:\/\/www.viffslan.com\/?page_id=886\">Forts\u00e4tt l\u00e4sa <span class=\"meta-nav\">&rarr;<\/span><\/a><\/p>\n","protected":false},"author":1,"featured_media":0,"parent":0,"menu_order":1,"comment_status":"open","ping_status":"closed","template":"","meta":[],"_links":{"self":[{"href":"http:\/\/www.viffslan.com\/index.php?rest_route=\/wp\/v2\/pages\/886"}],"collection":[{"href":"http:\/\/www.viffslan.com\/index.php?rest_route=\/wp\/v2\/pages"}],"about":[{"href":"http:\/\/www.viffslan.com\/index.php?rest_route=\/wp\/v2\/types\/page"}],"author":[{"embeddable":true,"href":"http:\/\/www.viffslan.com\/index.php?rest_route=\/wp\/v2\/users\/1"}],"replies":[{"embeddable":true,"href":"http:\/\/www.viffslan.com\/index.php?rest_route=%2Fwp%2Fv2%2Fcomments&post=886"}],"version-history":[{"count":0,"href":"http:\/\/www.viffslan.com\/index.php?rest_route=\/wp\/v2\/pages\/886\/revisions"}],"wp:attachment":[{"href":"http:\/\/www.viffslan.com\/index.php?rest_route=%2Fwp%2Fv2%2Fmedia&parent=886"}],"curies":[{"name":"wp","href":"https:\/\/api.w.org\/{rel}","templated":true}]}}