{"id":2,"date":"2010-07-28T19:46:19","date_gmt":"2010-07-28T19:46:19","guid":{"rendered":"http:\/\/www.viffslan.com\/?page_id=2"},"modified":"2024-10-22T10:46:41","modified_gmt":"2024-10-22T08:46:41","slug":"about","status":"publish","type":"page","link":"http:\/\/www.viffslan.com\/?page_id=2","title":{"rendered":"viffslan"},"content":{"rendered":"<p><a href=\"http:\/\/www.viffslan.com\/wp-content\/uploads\/2020\/07\/20200614_121515-scaled.jpg\"><img loading=\"lazy\" class=\"alignleft  wp-image-1531\" src=\"http:\/\/www.viffslan.com\/wp-content\/uploads\/2020\/07\/20200614_121515-225x300.jpg\" alt=\"\" width=\"218\" height=\"291\" srcset=\"http:\/\/www.viffslan.com\/wp-content\/uploads\/2020\/07\/20200614_121515-225x300.jpg 225w, http:\/\/www.viffslan.com\/wp-content\/uploads\/2020\/07\/20200614_121515-768x1024.jpg 768w, http:\/\/www.viffslan.com\/wp-content\/uploads\/2020\/07\/20200614_121515-1152x1536.jpg 1152w, http:\/\/www.viffslan.com\/wp-content\/uploads\/2020\/07\/20200614_121515-1536x2048.jpg 1536w, http:\/\/www.viffslan.com\/wp-content\/uploads\/2020\/07\/20200614_121515-scaled.jpg 1920w\" sizes=\"(max-width: 218px) 100vw, 218px\" \/><\/a>jag \u00e4r victoria ida maria. jag \u00e4r 35. jag \u00e4r mamma, fru, dotter och syster. jag \u00e4r ergoterapeut och barnk\u00e4r. jag \u00e4r doula och sekund\u00e4rt barnl\u00f6s. jag \u00e4r rastl\u00f6s och vill att allting ska ske nu. jag \u00e4r envis och ger inte upp. jag \u00e4r musikintresserad och dr\u00f6mmer om att f\u00f6r\u00e4ndra v\u00e4rlden. jag \u00e4lskar sl\u00e4ktforskning och trivs hemmavid. jag \u00e4r jeppobo i sj\u00e4l och hj\u00e4rta. jag lever i nuet och l\u00e4ngtar efter framtiden.<\/p>\n<p>jag bloggar om v\u00e5r vardag, v\u00e5ra killar och v\u00e5r l\u00e4ngtan efter flera barn. jag bloggar kanske mest f\u00f6r att skriva av mig, men ocks\u00e5 f\u00f6r att skapa diskussion och bryta tabun.<\/p>\n","protected":false},"excerpt":{"rendered":"<p>jag \u00e4r victoria ida maria. jag \u00e4r 35. jag \u00e4r mamma, fru, dotter och syster. jag \u00e4r ergoterapeut och barnk\u00e4r. jag \u00e4r doula och sekund\u00e4rt barnl\u00f6s. jag \u00e4r rastl\u00f6s och vill att allting ska ske nu. jag \u00e4r envis och &hellip; <a href=\"http:\/\/www.viffslan.com\/?page_id=2\">Forts\u00e4tt l\u00e4sa <span class=\"meta-nav\">&rarr;<\/span><\/a><\/p>\n","protected":false},"author":1,"featured_media":0,"parent":0,"menu_order":0,"comment_status":"open","ping_status":"open","template":"","meta":[],"_links":{"self":[{"href":"http:\/\/www.viffslan.com\/index.php?rest_route=\/wp\/v2\/pages\/2"}],"collection":[{"href":"http:\/\/www.viffslan.com\/index.php?rest_route=\/wp\/v2\/pages"}],"about":[{"href":"http:\/\/www.viffslan.com\/index.php?rest_route=\/wp\/v2\/types\/page"}],"author":[{"embeddable":true,"href":"http:\/\/www.viffslan.com\/index.php?rest_route=\/wp\/v2\/users\/1"}],"replies":[{"embeddable":true,"href":"http:\/\/www.viffslan.com\/index.php?rest_route=%2Fwp%2Fv2%2Fcomments&post=2"}],"version-history":[{"count":0,"href":"http:\/\/www.viffslan.com\/index.php?rest_route=\/wp\/v2\/pages\/2\/revisions"}],"wp:attachment":[{"href":"http:\/\/www.viffslan.com\/index.php?rest_route=%2Fwp%2Fv2%2Fmedia&parent=2"}],"curies":[{"name":"wp","href":"https:\/\/api.w.org\/{rel}","templated":true}]}}